{"id":512,"date":"2022-02-09T18:14:51","date_gmt":"2022-02-09T17:14:51","guid":{"rendered":"http:\/\/soudolux.net\/?page_id=512"},"modified":"2022-02-09T19:16:27","modified_gmt":"2022-02-09T18:16:27","slug":"echafaudages-industriels","status":"publish","type":"page","link":"http:\/\/soudolux.net\/index.php\/echafaudages-industriels\/","title":{"rendered":"ECHAFAUDAGES INDUSTRIELS\u200b"},"content":{"rendered":"\t\t<div data-elementor-type=\"wp-page\" data-elementor-id=\"512\" class=\"elementor elementor-512\">\n\t\t\t\t\t\t\t\t\t<section class=\"elementor-section elementor-top-section elementor-element elementor-element-eac01a2 elementor-section-boxed elementor-section-height-default elementor-section-height-default\" data-id=\"eac01a2\" data-element_type=\"section\">\n\t\t\t\t\t\t<div class=\"elementor-container elementor-column-gap-default\">\n\t\t\t\t\t<div class=\"elementor-column elementor-col-100 elementor-top-column elementor-element elementor-element-8c2fa3a\" data-id=\"8c2fa3a\" data-element_type=\"column\">\n\t\t\t<div class=\"elementor-widget-wrap elementor-element-populated\">\n\t\t\t\t\t\t\t\t<div class=\"elementor-element elementor-element-3c28fab elementor-widget elementor-widget-heading\" data-id=\"3c28fab\" data-element_type=\"widget\" data-widget_type=\"heading.default\">\n\t\t\t\t<div class=\"elementor-widget-container\">\n\t\t\t<style>\/*! elementor - v3.8.1 - 13-11-2022 *\/\n.elementor-heading-title{padding:0;margin:0;line-height:1}.elementor-widget-heading .elementor-heading-title[class*=elementor-size-]>a{color:inherit;font-size:inherit;line-height:inherit}.elementor-widget-heading .elementor-heading-title.elementor-size-small{font-size:15px}.elementor-widget-heading .elementor-heading-title.elementor-size-medium{font-size:19px}.elementor-widget-heading .elementor-heading-title.elementor-size-large{font-size:29px}.elementor-widget-heading .elementor-heading-title.elementor-size-xl{font-size:39px}.elementor-widget-heading .elementor-heading-title.elementor-size-xxl{font-size:59px}<\/style><h6 class=\"elementor-heading-title elementor-size-default\"><a href=\"http:\/\/soudolux.net\/index.php\/services\/\">Nos Services \/ Echafaudage<\/a><\/h6>\t\t<\/div>\n\t\t\t\t<\/div>\n\t\t\t\t\t<\/div>\n\t\t<\/div>\n\t\t\t\t\t\t\t<\/div>\n\t\t<\/section>\n\t\t\t\t<section class=\"elementor-section elementor-top-section elementor-element elementor-element-a9616c7 elementor-section-boxed elementor-section-height-default elementor-section-height-default\" data-id=\"a9616c7\" data-element_type=\"section\">\n\t\t\t\t\t\t<div class=\"elementor-container elementor-column-gap-default\">\n\t\t\t\t\t<div class=\"elementor-column elementor-col-33 elementor-top-column elementor-element elementor-element-920b8ab\" data-id=\"920b8ab\" data-element_type=\"column\">\n\t\t\t<div class=\"elementor-widget-wrap elementor-element-populated\">\n\t\t\t\t\t\t\t\t<div class=\"elementor-element elementor-element-899ebf9 elementor-widget elementor-widget-image\" data-id=\"899ebf9\" data-element_type=\"widget\" data-widget_type=\"image.default\">\n\t\t\t\t<div class=\"elementor-widget-container\">\n\t\t\t<style>\/*! elementor - v3.8.1 - 13-11-2022 *\/\n.elementor-widget-image{text-align:center}.elementor-widget-image a{display:inline-block}.elementor-widget-image a img[src$=\".svg\"]{width:48px}.elementor-widget-image img{vertical-align:middle;display:inline-block}<\/style>\t\t\t\t\t\t\t\t\t\t\t\t<img loading=\"lazy\" decoding=\"async\" width=\"756\" height=\"1008\" src=\"http:\/\/soudolux.net\/wp-content\/uploads\/2021\/11\/WhatsApp-Image-2021-11-14-at-21.37.14.jpeg\" class=\"attachment-large size-large\" alt=\"\" srcset=\"http:\/\/soudolux.net\/wp-content\/uploads\/2021\/11\/WhatsApp-Image-2021-11-14-at-21.37.14.jpeg 756w, http:\/\/soudolux.net\/wp-content\/uploads\/2021\/11\/WhatsApp-Image-2021-11-14-at-21.37.14-225x300.jpeg 225w\" sizes=\"auto, (max-width: 756px) 100vw, 756px\" \/>\t\t\t\t\t\t\t\t\t\t\t\t\t\t\t<\/div>\n\t\t\t\t<\/div>\n\t\t\t\t\t<\/div>\n\t\t<\/div>\n\t\t\t\t<div class=\"elementor-column elementor-col-66 elementor-top-column elementor-element elementor-element-d6f9d1d\" data-id=\"d6f9d1d\" data-element_type=\"column\">\n\t\t\t<div class=\"elementor-widget-wrap elementor-element-populated\">\n\t\t\t\t\t\t\t\t<div class=\"elementor-element elementor-element-55b9ce1 elementor-widget elementor-widget-text-editor\" data-id=\"55b9ce1\" data-element_type=\"widget\" data-widget_type=\"text-editor.default\">\n\t\t\t\t<div class=\"elementor-widget-container\">\n\t\t\t<style>\/*! elementor - v3.8.1 - 13-11-2022 *\/\n.elementor-widget-text-editor.elementor-drop-cap-view-stacked .elementor-drop-cap{background-color:#818a91;color:#fff}.elementor-widget-text-editor.elementor-drop-cap-view-framed .elementor-drop-cap{color:#818a91;border:3px solid;background-color:transparent}.elementor-widget-text-editor:not(.elementor-drop-cap-view-default) .elementor-drop-cap{margin-top:8px}.elementor-widget-text-editor:not(.elementor-drop-cap-view-default) .elementor-drop-cap-letter{width:1em;height:1em}.elementor-widget-text-editor .elementor-drop-cap{float:left;text-align:center;line-height:1;font-size:50px}.elementor-widget-text-editor .elementor-drop-cap-letter{display:inline-block}<\/style>\t\t\t\t<p>SOUDOLUX ECHAFAUDAGE<br \/><span style=\"color: var( --e-global-color-text ); font-family: var( --e-global-typography-text-font-family ), Sans-serif; font-weight: var( --e-global-typography-text-font-weight ); background-color: var(--nv-site-bg); font-size: var(--bodyFontSize); letter-spacing: var(--bodyLetterSpacing); text-transform: var(--bodyTextTransform);\">Nous disposons d&rsquo;\u00e9chafaudages certifi\u00e9s multidirectionnel de type\u00a0<\/span><span style=\"color: var( --e-global-color-text ); font-family: var( --e-global-typography-text-font-family ), Sans-serif; font-weight: var( --e-global-typography-text-font-weight ); background-color: var(--nv-site-bg); font-size: var(--bodyFontSize); letter-spacing: var(--bodyLetterSpacing); text-transform: var(--bodyTextTransform);\">LAYHER\u00a0<\/span><span style=\"color: var( --e-global-color-text ); font-family: var( --e-global-typography-text-font-family ), Sans-serif; font-weight: var( --e-global-typography-text-font-weight ); background-color: var(--nv-site-bg); font-size: var(--bodyFontSize); letter-spacing: var(--bodyLetterSpacing); text-transform: var(--bodyTextTransform);\">Des \u00e9quipes d&rsquo;\u00e9chafaudeurs exp\u00e9riment\u00e9es, certif\u00e9es et disposant de\u00a0<\/span><span style=\"color: var( --e-global-color-text ); font-family: var( --e-global-typography-text-font-family ), Sans-serif; font-weight: var( --e-global-typography-text-font-weight ); background-color: var(--nv-site-bg); font-size: var(--bodyFontSize); letter-spacing: var(--bodyLetterSpacing); text-transform: var(--bodyTextTransform);\">toutes les habilitations pour effectuer les montages \u00e0 l&rsquo;int\u00e9rieur des bati<\/span><span style=\"color: var( --e-global-color-text ); font-family: var( --e-global-typography-text-font-family ), Sans-serif; font-weight: var( --e-global-typography-text-font-weight ); background-color: var(--nv-site-bg); font-size: var(--bodyFontSize); letter-spacing: var(--bodyLetterSpacing); text-transform: var(--bodyTextTransform);\">ments usines, sur site ouvert et sur plateforme en mer.\u00a0<\/span><span style=\"color: var( --e-global-color-text ); font-family: var( --e-global-typography-text-font-family ), Sans-serif; font-weight: var( --e-global-typography-text-font-weight ); background-color: var(--nv-site-bg); font-size: var(--bodyFontSize); letter-spacing: var(--bodyLetterSpacing); text-transform: var(--bodyTextTransform);\">Notre pr\u00e9sence permanente sur les sites p\u00e9troliers nous a permis de nous\u00a0<\/span><span style=\"color: var( --e-global-color-text ); font-family: var( --e-global-typography-text-font-family ), Sans-serif; font-weight: var( --e-global-typography-text-font-weight ); background-color: var(--nv-site-bg); font-size: var(--bodyFontSize); letter-spacing: var(--bodyLetterSpacing); text-transform: var(--bodyTextTransform);\">conformer et familiariser avec les dispositions s\u00e9curitaires exig\u00e9es.<\/span><\/p>\t\t\t\t\t\t<\/div>\n\t\t\t\t<\/div>\n\t\t\t\t\t<\/div>\n\t\t<\/div>\n\t\t\t\t\t\t\t<\/div>\n\t\t<\/section>\n\t\t\t\t\t\t\t<\/div>\n\t\t","protected":false},"excerpt":{"rendered":"<p>Nos Services \/ Echafaudage SOUDOLUX ECHAFAUDAGENous disposons d&rsquo;\u00e9chafaudages certifi\u00e9s multidirectionnel de type\u00a0LAYHER\u00a0Des \u00e9quipes d&rsquo;\u00e9chafaudeurs exp\u00e9riment\u00e9es, certif\u00e9es et disposant de\u00a0toutes les habilitations pour effectuer les montages \u00e0 l&rsquo;int\u00e9rieur des batiments usines, sur site ouvert et sur plateforme en mer.\u00a0Notre pr\u00e9sence permanente sur les sites p\u00e9troliers nous a permis de nous\u00a0conformer et familiariser avec les dispositions s\u00e9curitaires&hellip;&nbsp;<a href=\"http:\/\/soudolux.net\/index.php\/echafaudages-industriels\/\" class=\"\" rel=\"bookmark\">Lire la suite &raquo;<span class=\"screen-reader-text\">ECHAFAUDAGES INDUSTRIELS\u200b<\/span><\/a><\/p>\n","protected":false},"author":1,"featured_media":0,"parent":0,"menu_order":0,"comment_status":"closed","ping_status":"closed","template":"page-templates\/template-pagebuilder-full-width.php","meta":{"neve_meta_sidebar":"","neve_meta_container":"","neve_meta_enable_content_width":"","neve_meta_content_width":0,"neve_meta_title_alignment":"","neve_meta_author_avatar":"","neve_post_elements_order":"","neve_meta_disable_header":"","neve_meta_disable_footer":"","neve_meta_disable_title":"","footnotes":""},"class_list":["post-512","page","type-page","status-publish","hentry"],"yoast_head":"<!-- This site is optimized with the Yoast SEO plugin v19.10 - https:\/\/yoast.com\/wordpress\/plugins\/seo\/ -->\n<title>ECHAFAUDAGES INDUSTRIELS\u200b &ndash; SOUDOLUX<\/title>\n<meta name=\"robots\" content=\"index, follow, max-snippet:-1, max-image-preview:large, max-video-preview:-1\" \/>\n<link rel=\"canonical\" href=\"http:\/\/soudolux.net\/index.php\/echafaudages-industriels\/\" \/>\n<meta property=\"og:locale\" content=\"fr_FR\" \/>\n<meta property=\"og:type\" content=\"article\" \/>\n<meta property=\"og:title\" content=\"ECHAFAUDAGES INDUSTRIELS\u200b &ndash; SOUDOLUX\" \/>\n<meta property=\"og:description\" content=\"Nos Services \/ Echafaudage SOUDOLUX ECHAFAUDAGENous disposons d&rsquo;\u00e9chafaudages certifi\u00e9s multidirectionnel de type\u00a0LAYHER\u00a0Des \u00e9quipes d&rsquo;\u00e9chafaudeurs exp\u00e9riment\u00e9es, certif\u00e9es et disposant de\u00a0toutes les habilitations pour effectuer les montages \u00e0 l&rsquo;int\u00e9rieur des batiments usines, sur site ouvert et sur plateforme en mer.\u00a0Notre pr\u00e9sence permanente sur les sites p\u00e9troliers nous a permis de nous\u00a0conformer et familiariser avec les dispositions s\u00e9curitaires&hellip;&nbsp;Lire la suite &raquo;ECHAFAUDAGES INDUSTRIELS\u200b\" \/>\n<meta property=\"og:url\" content=\"http:\/\/soudolux.net\/index.php\/echafaudages-industriels\/\" \/>\n<meta property=\"og:site_name\" content=\"SOUDOLUX\" \/>\n<meta property=\"article:modified_time\" content=\"2022-02-09T18:16:27+00:00\" \/>\n<meta property=\"og:image\" content=\"http:\/\/soudolux.net\/wp-content\/uploads\/2021\/11\/WhatsApp-Image-2021-11-14-at-21.37.14.jpeg\" \/>\n<meta name=\"twitter:card\" content=\"summary_large_image\" \/>\n<meta name=\"twitter:label1\" content=\"Dur\u00e9e de lecture estim\u00e9e\" \/>\n\t<meta name=\"twitter:data1\" content=\"1 minute\" \/>\n<script type=\"application\/ld+json\" class=\"yoast-schema-graph\">{\"@context\":\"https:\/\/schema.org\",\"@graph\":[{\"@type\":\"WebPage\",\"@id\":\"http:\/\/soudolux.net\/index.php\/echafaudages-industriels\/\",\"url\":\"http:\/\/soudolux.net\/index.php\/echafaudages-industriels\/\",\"name\":\"ECHAFAUDAGES INDUSTRIELS\u200b &ndash; SOUDOLUX\",\"isPartOf\":{\"@id\":\"http:\/\/soudolux.net\/#website\"},\"datePublished\":\"2022-02-09T17:14:51+00:00\",\"dateModified\":\"2022-02-09T18:16:27+00:00\",\"breadcrumb\":{\"@id\":\"http:\/\/soudolux.net\/index.php\/echafaudages-industriels\/#breadcrumb\"},\"inLanguage\":\"fr-FR\",\"potentialAction\":[{\"@type\":\"ReadAction\",\"target\":[\"http:\/\/soudolux.net\/index.php\/echafaudages-industriels\/\"]}]},{\"@type\":\"BreadcrumbList\",\"@id\":\"http:\/\/soudolux.net\/index.php\/echafaudages-industriels\/#breadcrumb\",\"itemListElement\":[{\"@type\":\"ListItem\",\"position\":1,\"name\":\"Accueil\",\"item\":\"http:\/\/soudolux.net\/\"},{\"@type\":\"ListItem\",\"position\":2,\"name\":\"ECHAFAUDAGES INDUSTRIELS\u200b\"}]},{\"@type\":\"WebSite\",\"@id\":\"http:\/\/soudolux.net\/#website\",\"url\":\"http:\/\/soudolux.net\/\",\"name\":\"SOUDOLUX\",\"description\":\"Echaffaudage &amp; Soudure industrielle\",\"publisher\":{\"@id\":\"http:\/\/soudolux.net\/#organization\"},\"potentialAction\":[{\"@type\":\"SearchAction\",\"target\":{\"@type\":\"EntryPoint\",\"urlTemplate\":\"http:\/\/soudolux.net\/?s={search_term_string}\"},\"query-input\":\"required name=search_term_string\"}],\"inLanguage\":\"fr-FR\"},{\"@type\":\"Organization\",\"@id\":\"http:\/\/soudolux.net\/#organization\",\"name\":\"SOUDOLUX\",\"url\":\"http:\/\/soudolux.net\/\",\"logo\":{\"@type\":\"ImageObject\",\"inLanguage\":\"fr-FR\",\"@id\":\"http:\/\/soudolux.net\/#\/schema\/logo\/image\/\",\"url\":\"http:\/\/soudolux.net\/wp-content\/uploads\/2021\/11\/soudolux-sarl-sans-fond.png\",\"contentUrl\":\"http:\/\/soudolux.net\/wp-content\/uploads\/2021\/11\/soudolux-sarl-sans-fond.png\",\"width\":1772,\"height\":639,\"caption\":\"SOUDOLUX\"},\"image\":{\"@id\":\"http:\/\/soudolux.net\/#\/schema\/logo\/image\/\"}}]}<\/script>\n<!-- \/ Yoast SEO plugin. -->","yoast_head_json":{"title":"ECHAFAUDAGES INDUSTRIELS\u200b &ndash; SOUDOLUX","robots":{"index":"index","follow":"follow","max-snippet":"max-snippet:-1","max-image-preview":"max-image-preview:large","max-video-preview":"max-video-preview:-1"},"canonical":"http:\/\/soudolux.net\/index.php\/echafaudages-industriels\/","og_locale":"fr_FR","og_type":"article","og_title":"ECHAFAUDAGES INDUSTRIELS\u200b &ndash; SOUDOLUX","og_description":"Nos Services \/ Echafaudage SOUDOLUX ECHAFAUDAGENous disposons d&rsquo;\u00e9chafaudages certifi\u00e9s multidirectionnel de type\u00a0LAYHER\u00a0Des \u00e9quipes d&rsquo;\u00e9chafaudeurs exp\u00e9riment\u00e9es, certif\u00e9es et disposant de\u00a0toutes les habilitations pour effectuer les montages \u00e0 l&rsquo;int\u00e9rieur des batiments usines, sur site ouvert et sur plateforme en mer.\u00a0Notre pr\u00e9sence permanente sur les sites p\u00e9troliers nous a permis de nous\u00a0conformer et familiariser avec les dispositions s\u00e9curitaires&hellip;&nbsp;Lire la suite &raquo;ECHAFAUDAGES INDUSTRIELS\u200b","og_url":"http:\/\/soudolux.net\/index.php\/echafaudages-industriels\/","og_site_name":"SOUDOLUX","article_modified_time":"2022-02-09T18:16:27+00:00","og_image":[{"url":"http:\/\/soudolux.net\/wp-content\/uploads\/2021\/11\/WhatsApp-Image-2021-11-14-at-21.37.14.jpeg"}],"twitter_card":"summary_large_image","twitter_misc":{"Dur\u00e9e de lecture estim\u00e9e":"1 minute"},"schema":{"@context":"https:\/\/schema.org","@graph":[{"@type":"WebPage","@id":"http:\/\/soudolux.net\/index.php\/echafaudages-industriels\/","url":"http:\/\/soudolux.net\/index.php\/echafaudages-industriels\/","name":"ECHAFAUDAGES INDUSTRIELS\u200b &ndash; SOUDOLUX","isPartOf":{"@id":"http:\/\/soudolux.net\/#website"},"datePublished":"2022-02-09T17:14:51+00:00","dateModified":"2022-02-09T18:16:27+00:00","breadcrumb":{"@id":"http:\/\/soudolux.net\/index.php\/echafaudages-industriels\/#breadcrumb"},"inLanguage":"fr-FR","potentialAction":[{"@type":"ReadAction","target":["http:\/\/soudolux.net\/index.php\/echafaudages-industriels\/"]}]},{"@type":"BreadcrumbList","@id":"http:\/\/soudolux.net\/index.php\/echafaudages-industriels\/#breadcrumb","itemListElement":[{"@type":"ListItem","position":1,"name":"Accueil","item":"http:\/\/soudolux.net\/"},{"@type":"ListItem","position":2,"name":"ECHAFAUDAGES INDUSTRIELS\u200b"}]},{"@type":"WebSite","@id":"http:\/\/soudolux.net\/#website","url":"http:\/\/soudolux.net\/","name":"SOUDOLUX","description":"Echaffaudage &amp; Soudure industrielle","publisher":{"@id":"http:\/\/soudolux.net\/#organization"},"potentialAction":[{"@type":"SearchAction","target":{"@type":"EntryPoint","urlTemplate":"http:\/\/soudolux.net\/?s={search_term_string}"},"query-input":"required name=search_term_string"}],"inLanguage":"fr-FR"},{"@type":"Organization","@id":"http:\/\/soudolux.net\/#organization","name":"SOUDOLUX","url":"http:\/\/soudolux.net\/","logo":{"@type":"ImageObject","inLanguage":"fr-FR","@id":"http:\/\/soudolux.net\/#\/schema\/logo\/image\/","url":"http:\/\/soudolux.net\/wp-content\/uploads\/2021\/11\/soudolux-sarl-sans-fond.png","contentUrl":"http:\/\/soudolux.net\/wp-content\/uploads\/2021\/11\/soudolux-sarl-sans-fond.png","width":1772,"height":639,"caption":"SOUDOLUX"},"image":{"@id":"http:\/\/soudolux.net\/#\/schema\/logo\/image\/"}}]}},"_links":{"self":[{"href":"http:\/\/soudolux.net\/index.php\/wp-json\/wp\/v2\/pages\/512","targetHints":{"allow":["GET"]}}],"collection":[{"href":"http:\/\/soudolux.net\/index.php\/wp-json\/wp\/v2\/pages"}],"about":[{"href":"http:\/\/soudolux.net\/index.php\/wp-json\/wp\/v2\/types\/page"}],"author":[{"embeddable":true,"href":"http:\/\/soudolux.net\/index.php\/wp-json\/wp\/v2\/users\/1"}],"replies":[{"embeddable":true,"href":"http:\/\/soudolux.net\/index.php\/wp-json\/wp\/v2\/comments?post=512"}],"version-history":[{"count":7,"href":"http:\/\/soudolux.net\/index.php\/wp-json\/wp\/v2\/pages\/512\/revisions"}],"predecessor-version":[{"id":559,"href":"http:\/\/soudolux.net\/index.php\/wp-json\/wp\/v2\/pages\/512\/revisions\/559"}],"wp:attachment":[{"href":"http:\/\/soudolux.net\/index.php\/wp-json\/wp\/v2\/media?parent=512"}],"curies":[{"name":"wp","href":"https:\/\/api.w.org\/{rel}","templated":true}]}}