{"id":517,"date":"2022-02-09T18:17:15","date_gmt":"2022-02-09T17:17:15","guid":{"rendered":"http:\/\/soudolux.net\/?page_id=517"},"modified":"2022-02-10T14:32:40","modified_gmt":"2022-02-10T13:32:40","slug":"location-de-materiels-industrie","status":"publish","type":"page","link":"http:\/\/soudolux.net\/index.php\/location-de-materiels-industrie\/","title":{"rendered":"LOCATION DE MATERIELS INDUSTRIE"},"content":{"rendered":"\t\t<div data-elementor-type=\"wp-page\" data-elementor-id=\"517\" class=\"elementor elementor-517\">\n\t\t\t\t\t\t\t\t\t<section class=\"elementor-section elementor-top-section elementor-element elementor-element-eac01a2 elementor-section-boxed elementor-section-height-default elementor-section-height-default\" data-id=\"eac01a2\" data-element_type=\"section\">\n\t\t\t\t\t\t<div class=\"elementor-container elementor-column-gap-default\">\n\t\t\t\t\t<div class=\"elementor-column elementor-col-100 elementor-top-column elementor-element elementor-element-8c2fa3a\" data-id=\"8c2fa3a\" data-element_type=\"column\">\n\t\t\t<div class=\"elementor-widget-wrap elementor-element-populated\">\n\t\t\t\t\t\t\t\t<div class=\"elementor-element elementor-element-3c28fab elementor-widget elementor-widget-heading\" data-id=\"3c28fab\" data-element_type=\"widget\" data-widget_type=\"heading.default\">\n\t\t\t\t<div class=\"elementor-widget-container\">\n\t\t\t<style>\/*! elementor - v3.8.1 - 13-11-2022 *\/\n.elementor-heading-title{padding:0;margin:0;line-height:1}.elementor-widget-heading .elementor-heading-title[class*=elementor-size-]>a{color:inherit;font-size:inherit;line-height:inherit}.elementor-widget-heading .elementor-heading-title.elementor-size-small{font-size:15px}.elementor-widget-heading .elementor-heading-title.elementor-size-medium{font-size:19px}.elementor-widget-heading .elementor-heading-title.elementor-size-large{font-size:29px}.elementor-widget-heading .elementor-heading-title.elementor-size-xl{font-size:39px}.elementor-widget-heading .elementor-heading-title.elementor-size-xxl{font-size:59px}<\/style><h6 class=\"elementor-heading-title elementor-size-default\"><a href=\"http:\/\/soudolux.net\/index.php\/services\/\">Nos Services \/ mat\u00e9riel industriel<\/a><\/h6>\t\t<\/div>\n\t\t\t\t<\/div>\n\t\t\t\t\t<\/div>\n\t\t<\/div>\n\t\t\t\t\t\t\t<\/div>\n\t\t<\/section>\n\t\t\t\t<section class=\"elementor-section elementor-top-section elementor-element elementor-element-a9616c7 elementor-section-boxed elementor-section-height-default elementor-section-height-default\" data-id=\"a9616c7\" data-element_type=\"section\">\n\t\t\t\t\t\t<div class=\"elementor-container elementor-column-gap-default\">\n\t\t\t\t\t<div class=\"elementor-column elementor-col-33 elementor-top-column elementor-element elementor-element-920b8ab\" data-id=\"920b8ab\" data-element_type=\"column\">\n\t\t\t<div class=\"elementor-widget-wrap elementor-element-populated\">\n\t\t\t\t\t\t\t\t<div class=\"elementor-element elementor-element-899ebf9 elementor-widget elementor-widget-image\" data-id=\"899ebf9\" data-element_type=\"widget\" data-widget_type=\"image.default\">\n\t\t\t\t<div class=\"elementor-widget-container\">\n\t\t\t<style>\/*! elementor - v3.8.1 - 13-11-2022 *\/\n.elementor-widget-image{text-align:center}.elementor-widget-image a{display:inline-block}.elementor-widget-image a img[src$=\".svg\"]{width:48px}.elementor-widget-image img{vertical-align:middle;display:inline-block}<\/style>\t\t\t\t\t\t\t\t\t\t\t\t<img loading=\"lazy\" decoding=\"async\" width=\"1024\" height=\"768\" src=\"http:\/\/soudolux.net\/wp-content\/uploads\/2022\/01\/PHOTO-2021-12-01-23-16-09-1024x768.jpg\" class=\"attachment-large size-large\" alt=\"\" srcset=\"http:\/\/soudolux.net\/wp-content\/uploads\/2022\/01\/PHOTO-2021-12-01-23-16-09-1024x768.jpg 1024w, http:\/\/soudolux.net\/wp-content\/uploads\/2022\/01\/PHOTO-2021-12-01-23-16-09-300x225.jpg 300w, http:\/\/soudolux.net\/wp-content\/uploads\/2022\/01\/PHOTO-2021-12-01-23-16-09-768x576.jpg 768w, http:\/\/soudolux.net\/wp-content\/uploads\/2022\/01\/PHOTO-2021-12-01-23-16-09.jpg 1080w\" sizes=\"auto, (max-width: 1024px) 100vw, 1024px\" \/>\t\t\t\t\t\t\t\t\t\t\t\t\t\t\t<\/div>\n\t\t\t\t<\/div>\n\t\t\t\t\t<\/div>\n\t\t<\/div>\n\t\t\t\t<div class=\"elementor-column elementor-col-66 elementor-top-column elementor-element elementor-element-d6f9d1d\" data-id=\"d6f9d1d\" data-element_type=\"column\">\n\t\t\t<div class=\"elementor-widget-wrap elementor-element-populated\">\n\t\t\t\t\t\t\t\t<div class=\"elementor-element elementor-element-55b9ce1 elementor-widget elementor-widget-text-editor\" data-id=\"55b9ce1\" data-element_type=\"widget\" data-widget_type=\"text-editor.default\">\n\t\t\t\t<div class=\"elementor-widget-container\">\n\t\t\t<style>\/*! elementor - v3.8.1 - 13-11-2022 *\/\n.elementor-widget-text-editor.elementor-drop-cap-view-stacked .elementor-drop-cap{background-color:#818a91;color:#fff}.elementor-widget-text-editor.elementor-drop-cap-view-framed .elementor-drop-cap{color:#818a91;border:3px solid;background-color:transparent}.elementor-widget-text-editor:not(.elementor-drop-cap-view-default) .elementor-drop-cap{margin-top:8px}.elementor-widget-text-editor:not(.elementor-drop-cap-view-default) .elementor-drop-cap-letter{width:1em;height:1em}.elementor-widget-text-editor .elementor-drop-cap{float:left;text-align:center;line-height:1;font-size:50px}.elementor-widget-text-editor .elementor-drop-cap-letter{display:inline-block}<\/style>\t\t\t\t<p><strong>GRUE<\/strong><br \/>SOUDOLUX, c&rsquo;est aussi un parc engins de 04 grues, et divers mat\u00e9riel chantier <span style=\"color: var( --e-global-color-text ); font-family: var( --e-global-typography-text-font-family ), Sans-serif; font-weight: var( --e-global-typography-text-font-weight ); background-color: var(--nv-site-bg); font-size: var(--bodyFontSize); letter-spacing: var(--bodyLetterSpacing); text-transform: var(--bodyTextTransform);\">pour vous accompagner dans la mise en \u0153uvre de vos projets de construction.<br \/>&#8211; 01 Grue 30 Tonnes<br \/><\/span>&#8211; 01 Grue 45 Tonnes<br \/>&#8211; 01 Grue 60 Tonnes<br \/>&#8211; 01 Grue 90 Tonnes<span style=\"color: var( --e-global-color-text ); font-family: var( --e-global-typography-text-font-family ), Sans-serif; font-weight: var( --e-global-typography-text-font-weight ); background-color: var(--nv-site-bg); font-size: var(--bodyFontSize); letter-spacing: var(--bodyLetterSpacing); text-transform: var(--bodyTextTransform);\"><br \/><\/span><\/p>\t\t\t\t\t\t<\/div>\n\t\t\t\t<\/div>\n\t\t\t\t\t<\/div>\n\t\t<\/div>\n\t\t\t\t\t\t\t<\/div>\n\t\t<\/section>\n\t\t\t\t<section class=\"elementor-section elementor-top-section elementor-element elementor-element-fec252a elementor-section-boxed elementor-section-height-default elementor-section-height-default\" data-id=\"fec252a\" data-element_type=\"section\">\n\t\t\t\t\t\t<div class=\"elementor-container elementor-column-gap-default\">\n\t\t\t\t\t<div class=\"elementor-column elementor-col-33 elementor-top-column elementor-element elementor-element-eee237f\" data-id=\"eee237f\" data-element_type=\"column\">\n\t\t\t<div class=\"elementor-widget-wrap elementor-element-populated\">\n\t\t\t\t\t\t\t\t<div class=\"elementor-element elementor-element-ce41288 elementor-widget elementor-widget-text-editor\" data-id=\"ce41288\" data-element_type=\"widget\" data-widget_type=\"text-editor.default\">\n\t\t\t\t<div class=\"elementor-widget-container\">\n\t\t\t\t\t\t\t<p><b>EQUIPEMENTS<\/b><br \/><span style=\"color: var( --e-global-color-text ); font-family: var( --e-global-typography-text-font-family ), Sans-serif; font-weight: var( --e-global-typography-text-font-weight ); background-color: var(--nv-site-bg); font-size: var(--bodyFontSize); letter-spacing: var(--bodyLetterSpacing); text-transform: var(--bodyTextTransform);\">Vous trouverez aussi chez SOUDOLUX<br \/>&#8211; Des compresseurs d&rsquo;air;<br \/><\/span>&#8211; Des groupes \u00e9lectrog\u00e8ne;<br \/>&#8211; Groupes Autonome de soudage<br \/>&#8211; Des camions de livraison munis de HIAB<br \/>&#8211; Du mat\u00e9riel et engins de travaux de Genie Civile.<\/p>\t\t\t\t\t\t<\/div>\n\t\t\t\t<\/div>\n\t\t\t\t\t<\/div>\n\t\t<\/div>\n\t\t\t\t<div class=\"elementor-column elementor-col-66 elementor-top-column elementor-element elementor-element-342940c\" data-id=\"342940c\" data-element_type=\"column\">\n\t\t\t<div class=\"elementor-widget-wrap elementor-element-populated\">\n\t\t\t\t\t\t\t\t<div class=\"elementor-element elementor-element-b8789b5 elementor-widget elementor-widget-image\" data-id=\"b8789b5\" data-element_type=\"widget\" data-widget_type=\"image.default\">\n\t\t\t\t<div class=\"elementor-widget-container\">\n\t\t\t\t\t\t\t\t\t\t\t\t\t\t\t<img loading=\"lazy\" decoding=\"async\" width=\"360\" height=\"360\" src=\"http:\/\/soudolux.net\/wp-content\/uploads\/2022\/01\/PHOTO-2021-12-01-23-16-06.jpg\" class=\"attachment-full size-full\" alt=\"\" srcset=\"http:\/\/soudolux.net\/wp-content\/uploads\/2022\/01\/PHOTO-2021-12-01-23-16-06.jpg 360w, http:\/\/soudolux.net\/wp-content\/uploads\/2022\/01\/PHOTO-2021-12-01-23-16-06-300x300.jpg 300w, http:\/\/soudolux.net\/wp-content\/uploads\/2022\/01\/PHOTO-2021-12-01-23-16-06-150x150.jpg 150w\" sizes=\"auto, (max-width: 360px) 100vw, 360px\" \/>\t\t\t\t\t\t\t\t\t\t\t\t\t\t\t<\/div>\n\t\t\t\t<\/div>\n\t\t\t\t\t<\/div>\n\t\t<\/div>\n\t\t\t\t\t\t\t<\/div>\n\t\t<\/section>\n\t\t\t\t\t\t\t<\/div>\n\t\t","protected":false},"excerpt":{"rendered":"<p>Nos Services \/ mat\u00e9riel industriel GRUESOUDOLUX, c&rsquo;est aussi un parc engins de 04 grues, et divers mat\u00e9riel chantier pour vous accompagner dans la mise en \u0153uvre de vos projets de construction.&#8211; 01 Grue 30 Tonnes&#8211; 01 Grue 45 Tonnes&#8211; 01 Grue 60 Tonnes&#8211; 01 Grue 90 Tonnes EQUIPEMENTSVous trouverez aussi chez SOUDOLUX&#8211; Des compresseurs d&rsquo;air;&#8211;&hellip;&nbsp;<a href=\"http:\/\/soudolux.net\/index.php\/location-de-materiels-industrie\/\" class=\"\" rel=\"bookmark\">Lire la suite &raquo;<span class=\"screen-reader-text\">LOCATION DE MATERIELS INDUSTRIE<\/span><\/a><\/p>\n","protected":false},"author":1,"featured_media":0,"parent":0,"menu_order":0,"comment_status":"closed","ping_status":"closed","template":"page-templates\/template-pagebuilder-full-width.php","meta":{"neve_meta_sidebar":"","neve_meta_container":"","neve_meta_enable_content_width":"","neve_meta_content_width":0,"neve_meta_title_alignment":"","neve_meta_author_avatar":"","neve_post_elements_order":"","neve_meta_disable_header":"","neve_meta_disable_footer":"","neve_meta_disable_title":"","footnotes":""},"class_list":["post-517","page","type-page","status-publish","hentry"],"yoast_head":"<!-- This site is optimized with the Yoast SEO plugin v19.10 - https:\/\/yoast.com\/wordpress\/plugins\/seo\/ -->\n<title>LOCATION DE MATERIELS INDUSTRIE &ndash; SOUDOLUX<\/title>\n<meta name=\"robots\" content=\"index, follow, max-snippet:-1, max-image-preview:large, max-video-preview:-1\" \/>\n<link rel=\"canonical\" href=\"http:\/\/soudolux.net\/index.php\/location-de-materiels-industrie\/\" \/>\n<meta property=\"og:locale\" content=\"fr_FR\" \/>\n<meta property=\"og:type\" content=\"article\" \/>\n<meta property=\"og:title\" content=\"LOCATION DE MATERIELS INDUSTRIE &ndash; SOUDOLUX\" \/>\n<meta property=\"og:description\" content=\"Nos Services \/ mat\u00e9riel industriel GRUESOUDOLUX, c&rsquo;est aussi un parc engins de 04 grues, et divers mat\u00e9riel chantier pour vous accompagner dans la mise en \u0153uvre de vos projets de construction.&#8211; 01 Grue 30 Tonnes&#8211; 01 Grue 45 Tonnes&#8211; 01 Grue 60 Tonnes&#8211; 01 Grue 90 Tonnes EQUIPEMENTSVous trouverez aussi chez SOUDOLUX&#8211; Des compresseurs d&rsquo;air;&#8211;&hellip;&nbsp;Lire la suite &raquo;LOCATION DE MATERIELS INDUSTRIE\" \/>\n<meta property=\"og:url\" content=\"http:\/\/soudolux.net\/index.php\/location-de-materiels-industrie\/\" \/>\n<meta property=\"og:site_name\" content=\"SOUDOLUX\" \/>\n<meta property=\"article:modified_time\" content=\"2022-02-10T13:32:40+00:00\" \/>\n<meta property=\"og:image\" content=\"http:\/\/soudolux.net\/wp-content\/uploads\/2022\/01\/PHOTO-2021-12-01-23-16-09-1024x768.jpg\" \/>\n<meta name=\"twitter:card\" content=\"summary_large_image\" \/>\n<meta name=\"twitter:label1\" content=\"Dur\u00e9e de lecture estim\u00e9e\" \/>\n\t<meta name=\"twitter:data1\" content=\"1 minute\" \/>\n<script type=\"application\/ld+json\" class=\"yoast-schema-graph\">{\"@context\":\"https:\/\/schema.org\",\"@graph\":[{\"@type\":\"WebPage\",\"@id\":\"http:\/\/soudolux.net\/index.php\/location-de-materiels-industrie\/\",\"url\":\"http:\/\/soudolux.net\/index.php\/location-de-materiels-industrie\/\",\"name\":\"LOCATION DE MATERIELS INDUSTRIE &ndash; SOUDOLUX\",\"isPartOf\":{\"@id\":\"http:\/\/soudolux.net\/#website\"},\"datePublished\":\"2022-02-09T17:17:15+00:00\",\"dateModified\":\"2022-02-10T13:32:40+00:00\",\"breadcrumb\":{\"@id\":\"http:\/\/soudolux.net\/index.php\/location-de-materiels-industrie\/#breadcrumb\"},\"inLanguage\":\"fr-FR\",\"potentialAction\":[{\"@type\":\"ReadAction\",\"target\":[\"http:\/\/soudolux.net\/index.php\/location-de-materiels-industrie\/\"]}]},{\"@type\":\"BreadcrumbList\",\"@id\":\"http:\/\/soudolux.net\/index.php\/location-de-materiels-industrie\/#breadcrumb\",\"itemListElement\":[{\"@type\":\"ListItem\",\"position\":1,\"name\":\"Accueil\",\"item\":\"http:\/\/soudolux.net\/\"},{\"@type\":\"ListItem\",\"position\":2,\"name\":\"LOCATION DE MATERIELS INDUSTRIE\"}]},{\"@type\":\"WebSite\",\"@id\":\"http:\/\/soudolux.net\/#website\",\"url\":\"http:\/\/soudolux.net\/\",\"name\":\"SOUDOLUX\",\"description\":\"Echaffaudage &amp; Soudure industrielle\",\"publisher\":{\"@id\":\"http:\/\/soudolux.net\/#organization\"},\"potentialAction\":[{\"@type\":\"SearchAction\",\"target\":{\"@type\":\"EntryPoint\",\"urlTemplate\":\"http:\/\/soudolux.net\/?s={search_term_string}\"},\"query-input\":\"required name=search_term_string\"}],\"inLanguage\":\"fr-FR\"},{\"@type\":\"Organization\",\"@id\":\"http:\/\/soudolux.net\/#organization\",\"name\":\"SOUDOLUX\",\"url\":\"http:\/\/soudolux.net\/\",\"logo\":{\"@type\":\"ImageObject\",\"inLanguage\":\"fr-FR\",\"@id\":\"http:\/\/soudolux.net\/#\/schema\/logo\/image\/\",\"url\":\"http:\/\/soudolux.net\/wp-content\/uploads\/2021\/11\/soudolux-sarl-sans-fond.png\",\"contentUrl\":\"http:\/\/soudolux.net\/wp-content\/uploads\/2021\/11\/soudolux-sarl-sans-fond.png\",\"width\":1772,\"height\":639,\"caption\":\"SOUDOLUX\"},\"image\":{\"@id\":\"http:\/\/soudolux.net\/#\/schema\/logo\/image\/\"}}]}<\/script>\n<!-- \/ Yoast SEO plugin. -->","yoast_head_json":{"title":"LOCATION DE MATERIELS INDUSTRIE &ndash; SOUDOLUX","robots":{"index":"index","follow":"follow","max-snippet":"max-snippet:-1","max-image-preview":"max-image-preview:large","max-video-preview":"max-video-preview:-1"},"canonical":"http:\/\/soudolux.net\/index.php\/location-de-materiels-industrie\/","og_locale":"fr_FR","og_type":"article","og_title":"LOCATION DE MATERIELS INDUSTRIE &ndash; SOUDOLUX","og_description":"Nos Services \/ mat\u00e9riel industriel GRUESOUDOLUX, c&rsquo;est aussi un parc engins de 04 grues, et divers mat\u00e9riel chantier pour vous accompagner dans la mise en \u0153uvre de vos projets de construction.&#8211; 01 Grue 30 Tonnes&#8211; 01 Grue 45 Tonnes&#8211; 01 Grue 60 Tonnes&#8211; 01 Grue 90 Tonnes EQUIPEMENTSVous trouverez aussi chez SOUDOLUX&#8211; Des compresseurs d&rsquo;air;&#8211;&hellip;&nbsp;Lire la suite &raquo;LOCATION DE MATERIELS INDUSTRIE","og_url":"http:\/\/soudolux.net\/index.php\/location-de-materiels-industrie\/","og_site_name":"SOUDOLUX","article_modified_time":"2022-02-10T13:32:40+00:00","og_image":[{"url":"http:\/\/soudolux.net\/wp-content\/uploads\/2022\/01\/PHOTO-2021-12-01-23-16-09-1024x768.jpg"}],"twitter_card":"summary_large_image","twitter_misc":{"Dur\u00e9e de lecture estim\u00e9e":"1 minute"},"schema":{"@context":"https:\/\/schema.org","@graph":[{"@type":"WebPage","@id":"http:\/\/soudolux.net\/index.php\/location-de-materiels-industrie\/","url":"http:\/\/soudolux.net\/index.php\/location-de-materiels-industrie\/","name":"LOCATION DE MATERIELS INDUSTRIE &ndash; SOUDOLUX","isPartOf":{"@id":"http:\/\/soudolux.net\/#website"},"datePublished":"2022-02-09T17:17:15+00:00","dateModified":"2022-02-10T13:32:40+00:00","breadcrumb":{"@id":"http:\/\/soudolux.net\/index.php\/location-de-materiels-industrie\/#breadcrumb"},"inLanguage":"fr-FR","potentialAction":[{"@type":"ReadAction","target":["http:\/\/soudolux.net\/index.php\/location-de-materiels-industrie\/"]}]},{"@type":"BreadcrumbList","@id":"http:\/\/soudolux.net\/index.php\/location-de-materiels-industrie\/#breadcrumb","itemListElement":[{"@type":"ListItem","position":1,"name":"Accueil","item":"http:\/\/soudolux.net\/"},{"@type":"ListItem","position":2,"name":"LOCATION DE MATERIELS INDUSTRIE"}]},{"@type":"WebSite","@id":"http:\/\/soudolux.net\/#website","url":"http:\/\/soudolux.net\/","name":"SOUDOLUX","description":"Echaffaudage &amp; Soudure industrielle","publisher":{"@id":"http:\/\/soudolux.net\/#organization"},"potentialAction":[{"@type":"SearchAction","target":{"@type":"EntryPoint","urlTemplate":"http:\/\/soudolux.net\/?s={search_term_string}"},"query-input":"required name=search_term_string"}],"inLanguage":"fr-FR"},{"@type":"Organization","@id":"http:\/\/soudolux.net\/#organization","name":"SOUDOLUX","url":"http:\/\/soudolux.net\/","logo":{"@type":"ImageObject","inLanguage":"fr-FR","@id":"http:\/\/soudolux.net\/#\/schema\/logo\/image\/","url":"http:\/\/soudolux.net\/wp-content\/uploads\/2021\/11\/soudolux-sarl-sans-fond.png","contentUrl":"http:\/\/soudolux.net\/wp-content\/uploads\/2021\/11\/soudolux-sarl-sans-fond.png","width":1772,"height":639,"caption":"SOUDOLUX"},"image":{"@id":"http:\/\/soudolux.net\/#\/schema\/logo\/image\/"}}]}},"_links":{"self":[{"href":"http:\/\/soudolux.net\/index.php\/wp-json\/wp\/v2\/pages\/517","targetHints":{"allow":["GET"]}}],"collection":[{"href":"http:\/\/soudolux.net\/index.php\/wp-json\/wp\/v2\/pages"}],"about":[{"href":"http:\/\/soudolux.net\/index.php\/wp-json\/wp\/v2\/types\/page"}],"author":[{"embeddable":true,"href":"http:\/\/soudolux.net\/index.php\/wp-json\/wp\/v2\/users\/1"}],"replies":[{"embeddable":true,"href":"http:\/\/soudolux.net\/index.php\/wp-json\/wp\/v2\/comments?post=517"}],"version-history":[{"count":16,"href":"http:\/\/soudolux.net\/index.php\/wp-json\/wp\/v2\/pages\/517\/revisions"}],"predecessor-version":[{"id":595,"href":"http:\/\/soudolux.net\/index.php\/wp-json\/wp\/v2\/pages\/517\/revisions\/595"}],"wp:attachment":[{"href":"http:\/\/soudolux.net\/index.php\/wp-json\/wp\/v2\/media?parent=517"}],"curies":[{"name":"wp","href":"https:\/\/api.w.org\/{rel}","templated":true}]}}