{"id":20,"date":"2021-10-15T17:39:57","date_gmt":"2021-10-15T15:39:57","guid":{"rendered":"http:\/\/soudolux.net\/?page_id=20"},"modified":"2022-01-28T18:12:41","modified_gmt":"2022-01-28T17:12:41","slug":"carrieres","status":"publish","type":"page","link":"https:\/\/soudolux.net\/index.php\/carrieres\/","title":{"rendered":"Carri\u00e8res"},"content":{"rendered":"\t\t<div data-elementor-type=\"wp-page\" data-elementor-id=\"20\" class=\"elementor elementor-20\">\n\t\t\t\t\t\t\t\t\t<section class=\"elementor-section elementor-top-section elementor-element elementor-element-7c4a701 elementor-section-boxed elementor-section-height-default elementor-section-height-default\" data-id=\"7c4a701\" data-element_type=\"section\" data-settings=\"{&quot;background_background&quot;:&quot;slideshow&quot;,&quot;background_slideshow_gallery&quot;:[],&quot;background_slideshow_loop&quot;:&quot;yes&quot;,&quot;background_slideshow_slide_duration&quot;:5000,&quot;background_slideshow_slide_transition&quot;:&quot;fade&quot;,&quot;background_slideshow_transition_duration&quot;:500}\">\n\t\t\t\t\t\t<div class=\"elementor-container elementor-column-gap-default\">\n\t\t\t\t\t<div class=\"elementor-column elementor-col-100 elementor-top-column elementor-element elementor-element-3fcbfdb\" data-id=\"3fcbfdb\" data-element_type=\"column\">\n\t\t\t<div class=\"elementor-widget-wrap elementor-element-populated\">\n\t\t\t\t\t\t\t\t<div class=\"elementor-element elementor-element-e25cdae elementor-widget elementor-widget-heading\" data-id=\"e25cdae\" data-element_type=\"widget\" data-widget_type=\"heading.default\">\n\t\t\t\t<div class=\"elementor-widget-container\">\n\t\t\t<style>\/*! elementor - v3.8.1 - 13-11-2022 *\/\n.elementor-heading-title{padding:0;margin:0;line-height:1}.elementor-widget-heading .elementor-heading-title[class*=elementor-size-]>a{color:inherit;font-size:inherit;line-height:inherit}.elementor-widget-heading .elementor-heading-title.elementor-size-small{font-size:15px}.elementor-widget-heading .elementor-heading-title.elementor-size-medium{font-size:19px}.elementor-widget-heading .elementor-heading-title.elementor-size-large{font-size:29px}.elementor-widget-heading .elementor-heading-title.elementor-size-xl{font-size:39px}.elementor-widget-heading .elementor-heading-title.elementor-size-xxl{font-size:59px}<\/style><h2 class=\"elementor-heading-title elementor-size-default\">CARRIERES<\/h2>\t\t<\/div>\n\t\t\t\t<\/div>\n\t\t\t\t\t<\/div>\n\t\t<\/div>\n\t\t\t\t\t\t\t<\/div>\n\t\t<\/section>\n\t\t\t\t<section class=\"elementor-section elementor-top-section elementor-element elementor-element-d180687 elementor-section-boxed elementor-section-height-default elementor-section-height-default\" data-id=\"d180687\" data-element_type=\"section\">\n\t\t\t\t\t\t<div class=\"elementor-container elementor-column-gap-default\">\n\t\t\t\t\t<div class=\"elementor-column elementor-col-33 elementor-top-column elementor-element elementor-element-e74e3d6\" data-id=\"e74e3d6\" data-element_type=\"column\">\n\t\t\t<div class=\"elementor-widget-wrap elementor-element-populated\">\n\t\t\t\t\t\t\t\t<div class=\"elementor-element elementor-element-ec5b151 elementor-widget elementor-widget-text-editor\" data-id=\"ec5b151\" data-element_type=\"widget\" data-widget_type=\"text-editor.default\">\n\t\t\t\t<div class=\"elementor-widget-container\">\n\t\t\t<style>\/*! elementor - v3.8.1 - 13-11-2022 *\/\n.elementor-widget-text-editor.elementor-drop-cap-view-stacked .elementor-drop-cap{background-color:#818a91;color:#fff}.elementor-widget-text-editor.elementor-drop-cap-view-framed .elementor-drop-cap{color:#818a91;border:3px solid;background-color:transparent}.elementor-widget-text-editor:not(.elementor-drop-cap-view-default) .elementor-drop-cap{margin-top:8px}.elementor-widget-text-editor:not(.elementor-drop-cap-view-default) .elementor-drop-cap-letter{width:1em;height:1em}.elementor-widget-text-editor .elementor-drop-cap{float:left;text-align:center;line-height:1;font-size:50px}.elementor-widget-text-editor .elementor-drop-cap-letter{display:inline-block}<\/style>\t\t\t\t<p><strong><span style=\"text-decoration: underline;\">Pourquoi nous rejoindre&nbsp;<\/span><\/strong><\/p>\n<p>Notre personnel b\u00e9n\u00e9ficie de formations leur permettant de s&rsquo;adapter aux \u00e9volutions technologiques, dans le domaine des \u00e9chafaudages, de la&nbsp;<span style=\"font-family: var( --e-global-typography-text-font-family ), Sans-serif; font-weight: var( --e-global-typography-text-font-weight ); font-size: var(--bodyFontSize); letter-spacing: var(--bodyLetterSpacing); text-transform: var(--bodyTextTransform); background-color: var(--nv-site-bg);\">conduite des engins et de la s\u00e9curit\u00e9 au travail<\/span><span style=\"font-family: var( --e-global-typography-text-font-family ), Sans-serif; font-weight: var( --e-global-typography-text-font-weight ); background-color: var(--nv-site-bg); font-size: var(--bodyFontSize); letter-spacing: var(--bodyLetterSpacing); text-transform: var(--bodyTextTransform);\">.<\/span><\/p>\t\t\t\t\t\t<\/div>\n\t\t\t\t<\/div>\n\t\t\t\t\t<\/div>\n\t\t<\/div>\n\t\t\t\t<div class=\"elementor-column elementor-col-66 elementor-top-column elementor-element elementor-element-812ca92\" data-id=\"812ca92\" data-element_type=\"column\">\n\t\t\t<div class=\"elementor-widget-wrap elementor-element-populated\">\n\t\t\t\t\t\t\t\t<div class=\"elementor-element elementor-element-b4b1653 elementor-widget elementor-widget-shortcode\" data-id=\"b4b1653\" data-element_type=\"widget\" data-widget_type=\"shortcode.default\">\n\t\t\t\t<div class=\"elementor-widget-container\">\n\t\t\t\t\t<div class=\"elementor-shortcode\"><div style=\"display:none\" class=\"fm-form-container fm-theme1\"><div id=\"fm-pages6\" class=\"fm-pages wdform_page_navigation \" show_title=\"\" show_numbers=\"1\" type=\"none\"><\/div><form name=\"form6\" action=\"\/index.php\/wp-json\/wp\/v2\/pages\/20\" method=\"post\" id=\"form6\" class=\"fm-form form6  \" enctype=\"multipart\/form-data\"><input type=\"hidden\" id=\"fm_page_id6\" value=\"20\" name=\"fm_page_id6\" \/><input type=\"hidden\" id=\"fm_current_post_type6\" value=\"page\" name=\"fm_current_post_type6\" \/><input type=\"hidden\" id=\"counter6\" value=\"8\" name=\"counter6\" \/><input type=\"hidden\" id=\"Itemid6\" value=\"\" name=\"Itemid6\" \/><input type=\"hidden\" id=\"fm_shake6\" value=\"1\" name=\"fm_shake6\" \/><input type=\"text\" class=\"fm-hide\" id=\"fm_empty_field_validation6\" value=\"\" name=\"fm_empty_field_validation6\" data-value=\"bd736efb144d599cf463541431fbf5c4\" \/><div class=\"wdform-page-and-images fm-form-builder\"><div id=\"6form_view1\" class=\"wdform_page\" page_title=\"Untitled page\" next_title=\"Next\" next_type=\"text\" next_class=\"wdform-page-button\" next_checkable=\"true\" previous_title=\"Previous\" previous_type=\"text\" previous_class=\"wdform-page-button\" previous_checkable=\"false\"><div class=\"wdform_section\"><div class=\"wdform_column\"><div wdid=\"2\" class=\"wdform_row\"><div type=\"type_text\" class=\"wdform-field wd-width-100 wd-flex wd-flex-column fm-type_text\" ><div class=\"wdform-label-section wd-width-100  wd-flex-row wd-align-items-center\">    <label  for=\"wdform_2_element6\" class=\"wdform-label\">Nom<\/label><span class=\"wdform-required\">*<\/span><\/div><div class=\"wdform-element-section wd-flex  wd-flex-row wd-align-items-center wd-width-100\" ><input type=\"text\"                           class=\"wd-width-100\"                           id=\"wdform_2_element6\"                           name=\"wdform_2_element6\"                           value=\"\"                           title=\"\"                           placeholder=\"\"                                                       \/><\/div><\/div><\/div><div wdid=\"3\" class=\"wdform_row\" style=\"position: relative; left: 0px; top: 0px;\"><div type=\"type_text\" class=\"wdform-field wd-width-100 wd-flex wd-flex-column fm-type_text\" ><div class=\"wdform-label-section wd-width-100  wd-flex-row wd-align-items-center\">    <label  for=\"wdform_3_element6\" class=\"wdform-label\">Prenom<\/label><span class=\"wdform-required\">*<\/span><\/div><div class=\"wdform-element-section wd-flex  wd-flex-row wd-align-items-center wd-width-100\" ><input type=\"text\"                           class=\"wd-width-100\"                           id=\"wdform_3_element6\"                           name=\"wdform_3_element6\"                           value=\"\"                           title=\"\"                           placeholder=\"\"                                                       \/><\/div><\/div><\/div><\/div><div class=\"wdform_column\"><div wdid=\"4\" class=\"wdform_row\"><div type=\"type_submitter_mail\" class=\"wdform-field wd-width-100 wd-flex wd-flex-column fm-type_submitter_mail\" ><div class=\"wdform-label-section wd-width-100  wd-flex-row\">    <label  for=\"wdform_4_element6\" class=\"wdform-label\">Email<\/label><span class=\"wdform-required\">*<\/span><\/div><div class=\"wdform-element-section wd-flex  wd-flex-row wd-width-100\" ><input type=\"text\" class=\"wd-width-100\" id=\"wdform_4_element6\" name=\"wdform_4_element6\" value=\"\" title=\"\" placeholder=\"\"   onchange=\"wd_check_email('4', '6', 'Ceci n\\'est pas une adresse e-mail valide')\" \/><\/div><\/div><\/div><div wdid=\"5\" class=\"wdform_row\" style=\"position: relative; left: 0px; top: 0px;\"><div type=\"type_phone_new\" class=\"wdform-field wd-width-100 wd-flex wd-flex-column fm-type_phone_new\" ><div class=\"wdform-label-section wd-width-100 \">    <label  for=\"wdform_5_element6\" class=\"wdform-label\">Phone<\/label><span class=\"wdform-required\">*<\/span><\/div><div class=\"wdform-element-section wd-flex  wd-width-100\" ><input type=\"text\"                       class=\"wd-width-100\"                       id=\"wdform_5_element6\"                       name=\"wdform_5_element6\"                       value=\"\"                       placeholder=\"\"  \/><\/div><\/div><\/div><\/div><div class=\"wdform_column\"><div wdid=\"6\" class=\"wdform_row\"><div type=\"type_text\" class=\"wdform-field wd-width-100 wd-flex wd-flex-column fm-type_text\" ><div class=\"wdform-label-section wd-width-100  wd-flex-row wd-align-items-center\">    <label  for=\"wdform_6_element6\" class=\"wdform-label\">Lien de votre CV sur un drive<\/label><span class=\"wdform-required\">*<\/span><\/div><div class=\"wdform-element-section wd-flex  wd-flex-row wd-align-items-center wd-width-100\" ><input type=\"text\"                           class=\"wd-width-100\"                           id=\"wdform_6_element6\"                           name=\"wdform_6_element6\"                           value=\"\"                           title=\"\"                           placeholder=\"\"                                                       \/><\/div><\/div><\/div><\/div><div class=\"wdform_column\"><div wdid=\"7\" class=\"wdform_row\"><div type=\"type_submit_reset\" class=\"wdform-field wd-width-100 wd-flex wd-flex-column fm-type_submit_reset\" ><div class=\"wdform-element-section wd-flex  wd-flex-row wd-justify-content-left wd-width-100\" ><button  type=\"button\" class=\"button-submit\" onclick=\"fm_submit_form('6');\"  data-ajax=\"0\"><span class=\"fm-submit-loading spinner fm-ico-spinner\"><\/span>Envoyer<\/button><button  type=\"button\" class=\"button-reset wd-hidden\" onclick=\"fm_reset_form(6);\" >Reset<\/button><\/div><\/div><\/div><\/div><\/div><div valign=\"top\" class=\"wdform_footer wd-width-100\"><div class=\"wd-width-100\"><div class=\"wd-width-100 wd-table\" style=\"padding-top:10px;\"><div class=\"wd-table-group\"><div id=\"6page_nav1\" class=\"wd-table-row\"><\/div><\/div><\/div><\/div><\/div><\/div><\/div><div class=\"wdform_preload\"><\/div><input type=\"hidden\" name=\"fm-current-page\" value=\"https:\/\/soudolux.net\/index.php\/wp-json\/wp\/v2\/pages\/20\" \/><\/form><\/div><\/div>\n\t\t\t\t<\/div>\n\t\t\t\t<\/div>\n\t\t\t\t\t<\/div>\n\t\t<\/div>\n\t\t\t\t\t\t\t<\/div>\n\t\t<\/section>\n\t\t\t\t\t\t\t<\/div>\n\t\t","protected":false},"excerpt":{"rendered":"<p>CARRIERES Pourquoi nous rejoindre&nbsp; Notre personnel b\u00e9n\u00e9ficie de formations leur permettant de s&rsquo;adapter aux \u00e9volutions technologiques, dans le domaine des \u00e9chafaudages, de la&nbsp;conduite des engins et de la s\u00e9curit\u00e9 au travail.<\/p>\n","protected":false},"author":1,"featured_media":0,"parent":0,"menu_order":0,"comment_status":"closed","ping_status":"closed","template":"page-templates\/template-pagebuilder-full-width.php","meta":{"neve_meta_sidebar":"","neve_meta_container":"","neve_meta_enable_content_width":"","neve_meta_content_width":0,"neve_meta_title_alignment":"","neve_meta_author_avatar":"","neve_post_elements_order":"","neve_meta_disable_header":"","neve_meta_disable_footer":"","neve_meta_disable_title":"","footnotes":""},"class_list":["post-20","page","type-page","status-publish","hentry"],"yoast_head":"<!-- This site is optimized with the Yoast SEO plugin v19.10 - https:\/\/yoast.com\/wordpress\/plugins\/seo\/ -->\n<title>Carri\u00e8res &ndash; SOUDOLUX<\/title>\n<meta name=\"robots\" content=\"index, follow, max-snippet:-1, max-image-preview:large, max-video-preview:-1\" \/>\n<link rel=\"canonical\" href=\"http:\/\/soudolux.net\/index.php\/carrieres\/\" \/>\n<meta property=\"og:locale\" content=\"fr_FR\" \/>\n<meta property=\"og:type\" content=\"article\" \/>\n<meta property=\"og:title\" content=\"Carri\u00e8res &ndash; SOUDOLUX\" \/>\n<meta property=\"og:description\" content=\"CARRIERES Pourquoi nous rejoindre&nbsp; Notre personnel b\u00e9n\u00e9ficie de formations leur permettant de s&rsquo;adapter aux \u00e9volutions technologiques, dans le domaine des \u00e9chafaudages, de la&nbsp;conduite des engins et de la s\u00e9curit\u00e9 au travail.\" \/>\n<meta property=\"og:url\" content=\"http:\/\/soudolux.net\/index.php\/carrieres\/\" \/>\n<meta property=\"og:site_name\" content=\"SOUDOLUX\" \/>\n<meta property=\"article:modified_time\" content=\"2022-01-28T17:12:41+00:00\" \/>\n<meta name=\"twitter:card\" content=\"summary_large_image\" \/>\n<meta name=\"twitter:label1\" content=\"Dur\u00e9e de lecture estim\u00e9e\" \/>\n\t<meta name=\"twitter:data1\" content=\"1 minute\" \/>\n<script type=\"application\/ld+json\" class=\"yoast-schema-graph\">{\"@context\":\"https:\/\/schema.org\",\"@graph\":[{\"@type\":\"WebPage\",\"@id\":\"http:\/\/soudolux.net\/index.php\/carrieres\/\",\"url\":\"http:\/\/soudolux.net\/index.php\/carrieres\/\",\"name\":\"Carri\u00e8res &ndash; SOUDOLUX\",\"isPartOf\":{\"@id\":\"http:\/\/soudolux.net\/#website\"},\"datePublished\":\"2021-10-15T15:39:57+00:00\",\"dateModified\":\"2022-01-28T17:12:41+00:00\",\"breadcrumb\":{\"@id\":\"http:\/\/soudolux.net\/index.php\/carrieres\/#breadcrumb\"},\"inLanguage\":\"fr-FR\",\"potentialAction\":[{\"@type\":\"ReadAction\",\"target\":[\"http:\/\/soudolux.net\/index.php\/carrieres\/\"]}]},{\"@type\":\"BreadcrumbList\",\"@id\":\"http:\/\/soudolux.net\/index.php\/carrieres\/#breadcrumb\",\"itemListElement\":[{\"@type\":\"ListItem\",\"position\":1,\"name\":\"Accueil\",\"item\":\"http:\/\/soudolux.net\/\"},{\"@type\":\"ListItem\",\"position\":2,\"name\":\"Carri\u00e8res\"}]},{\"@type\":\"WebSite\",\"@id\":\"http:\/\/soudolux.net\/#website\",\"url\":\"http:\/\/soudolux.net\/\",\"name\":\"SOUDOLUX\",\"description\":\"Echaffaudage &amp; Soudure industrielle\",\"publisher\":{\"@id\":\"http:\/\/soudolux.net\/#organization\"},\"potentialAction\":[{\"@type\":\"SearchAction\",\"target\":{\"@type\":\"EntryPoint\",\"urlTemplate\":\"http:\/\/soudolux.net\/?s={search_term_string}\"},\"query-input\":\"required name=search_term_string\"}],\"inLanguage\":\"fr-FR\"},{\"@type\":\"Organization\",\"@id\":\"http:\/\/soudolux.net\/#organization\",\"name\":\"SOUDOLUX\",\"url\":\"http:\/\/soudolux.net\/\",\"logo\":{\"@type\":\"ImageObject\",\"inLanguage\":\"fr-FR\",\"@id\":\"http:\/\/soudolux.net\/#\/schema\/logo\/image\/\",\"url\":\"http:\/\/soudolux.net\/wp-content\/uploads\/2021\/11\/soudolux-sarl-sans-fond.png\",\"contentUrl\":\"http:\/\/soudolux.net\/wp-content\/uploads\/2021\/11\/soudolux-sarl-sans-fond.png\",\"width\":1772,\"height\":639,\"caption\":\"SOUDOLUX\"},\"image\":{\"@id\":\"http:\/\/soudolux.net\/#\/schema\/logo\/image\/\"}}]}<\/script>\n<!-- \/ Yoast SEO plugin. -->","yoast_head_json":{"title":"Carri\u00e8res &ndash; SOUDOLUX","robots":{"index":"index","follow":"follow","max-snippet":"max-snippet:-1","max-image-preview":"max-image-preview:large","max-video-preview":"max-video-preview:-1"},"canonical":"http:\/\/soudolux.net\/index.php\/carrieres\/","og_locale":"fr_FR","og_type":"article","og_title":"Carri\u00e8res &ndash; SOUDOLUX","og_description":"CARRIERES Pourquoi nous rejoindre&nbsp; Notre personnel b\u00e9n\u00e9ficie de formations leur permettant de s&rsquo;adapter aux \u00e9volutions technologiques, dans le domaine des \u00e9chafaudages, de la&nbsp;conduite des engins et de la s\u00e9curit\u00e9 au travail.","og_url":"http:\/\/soudolux.net\/index.php\/carrieres\/","og_site_name":"SOUDOLUX","article_modified_time":"2022-01-28T17:12:41+00:00","twitter_card":"summary_large_image","twitter_misc":{"Dur\u00e9e de lecture estim\u00e9e":"1 minute"},"schema":{"@context":"https:\/\/schema.org","@graph":[{"@type":"WebPage","@id":"http:\/\/soudolux.net\/index.php\/carrieres\/","url":"http:\/\/soudolux.net\/index.php\/carrieres\/","name":"Carri\u00e8res &ndash; SOUDOLUX","isPartOf":{"@id":"http:\/\/soudolux.net\/#website"},"datePublished":"2021-10-15T15:39:57+00:00","dateModified":"2022-01-28T17:12:41+00:00","breadcrumb":{"@id":"http:\/\/soudolux.net\/index.php\/carrieres\/#breadcrumb"},"inLanguage":"fr-FR","potentialAction":[{"@type":"ReadAction","target":["http:\/\/soudolux.net\/index.php\/carrieres\/"]}]},{"@type":"BreadcrumbList","@id":"http:\/\/soudolux.net\/index.php\/carrieres\/#breadcrumb","itemListElement":[{"@type":"ListItem","position":1,"name":"Accueil","item":"http:\/\/soudolux.net\/"},{"@type":"ListItem","position":2,"name":"Carri\u00e8res"}]},{"@type":"WebSite","@id":"http:\/\/soudolux.net\/#website","url":"http:\/\/soudolux.net\/","name":"SOUDOLUX","description":"Echaffaudage &amp; Soudure industrielle","publisher":{"@id":"http:\/\/soudolux.net\/#organization"},"potentialAction":[{"@type":"SearchAction","target":{"@type":"EntryPoint","urlTemplate":"http:\/\/soudolux.net\/?s={search_term_string}"},"query-input":"required name=search_term_string"}],"inLanguage":"fr-FR"},{"@type":"Organization","@id":"http:\/\/soudolux.net\/#organization","name":"SOUDOLUX","url":"http:\/\/soudolux.net\/","logo":{"@type":"ImageObject","inLanguage":"fr-FR","@id":"http:\/\/soudolux.net\/#\/schema\/logo\/image\/","url":"http:\/\/soudolux.net\/wp-content\/uploads\/2021\/11\/soudolux-sarl-sans-fond.png","contentUrl":"http:\/\/soudolux.net\/wp-content\/uploads\/2021\/11\/soudolux-sarl-sans-fond.png","width":1772,"height":639,"caption":"SOUDOLUX"},"image":{"@id":"http:\/\/soudolux.net\/#\/schema\/logo\/image\/"}}]}},"_links":{"self":[{"href":"https:\/\/soudolux.net\/index.php\/wp-json\/wp\/v2\/pages\/20","targetHints":{"allow":["GET"]}}],"collection":[{"href":"https:\/\/soudolux.net\/index.php\/wp-json\/wp\/v2\/pages"}],"about":[{"href":"https:\/\/soudolux.net\/index.php\/wp-json\/wp\/v2\/types\/page"}],"author":[{"embeddable":true,"href":"https:\/\/soudolux.net\/index.php\/wp-json\/wp\/v2\/users\/1"}],"replies":[{"embeddable":true,"href":"https:\/\/soudolux.net\/index.php\/wp-json\/wp\/v2\/comments?post=20"}],"version-history":[{"count":31,"href":"https:\/\/soudolux.net\/index.php\/wp-json\/wp\/v2\/pages\/20\/revisions"}],"predecessor-version":[{"id":478,"href":"https:\/\/soudolux.net\/index.php\/wp-json\/wp\/v2\/pages\/20\/revisions\/478"}],"wp:attachment":[{"href":"https:\/\/soudolux.net\/index.php\/wp-json\/wp\/v2\/media?parent=20"}],"curies":[{"name":"wp","href":"https:\/\/api.w.org\/{rel}","templated":true}]}}